{"id":76993,"date":"2024-03-23T17:00:45","date_gmt":"2024-03-23T16:00:45","guid":{"rendered":"http:\/\/serwer1716618.home.pl\/autoinstalator\/wordpress1\/?page_id=76993"},"modified":"2024-03-23T17:02:52","modified_gmt":"2024-03-23T16:02:52","slug":"rodo","status":"publish","type":"page","link":"https:\/\/miniakro.pl\/index.php\/rodo\/","title":{"rendered":"Rodo"},"content":{"rendered":"\t\t<div data-elementor-type=\"wp-page\" data-elementor-id=\"76993\" class=\"elementor elementor-76993\">\n\t\t\t\t\t\t<section class=\"elementor-section elementor-top-section elementor-element elementor-element-0679436 elementor-section-content-middle elementor-section-boxed elementor-section-height-default elementor-section-height-default\" data-id=\"0679436\" data-element_type=\"section\" data-e-type=\"section\" data-settings=\"{&quot;background_background&quot;:&quot;classic&quot;}\">\n\t\t\t\t\t\t<div class=\"elementor-container elementor-column-gap-default\">\n\t\t\t\t\t<div class=\" elementor-column elementor-col-100 elementor-top-column elementor-element elementor-element-d2dc2dc elementor-invisible\" data-fullscreen-column-settings=\"{&quot;fullscreen&quot;:&quot;&quot;}\" data-id=\"d2dc2dc\" data-element_type=\"column\" data-e-type=\"column\" data-settings=\"{&quot;animation&quot;:&quot;fadeIn&quot;}\">\n\t\t\t<div class=\"elementor-widget-wrap elementor-element-populated\">\n\t\t\t\t\t\t<div class=\"elementor-element elementor-element-6147bd5 elementor-widget elementor-widget-litho-heading\" data-id=\"6147bd5\" data-element_type=\"widget\" data-e-type=\"widget\" data-widget_type=\"litho-heading.default\">\n\t\t\t\t<div class=\"elementor-widget-container\">\n\t\t\t\t\t<h5 class=\"litho-heading elementor-size-default\"><span class=\"litho-primary-title\">INFORMACJA O PRZETWARZANIU DANYCH OSOBOWYCH WSP\u00d3\u0141PRACOWNIKA ZATRUDNIONEGO\nNA PODSTAWIE UMOWY CYWILNOPRAWNEJ LUB DEKLARACJI CZ\u0141ONKOWSKIEJ<\/span><\/h5>\t\t\t\t<\/div>\n\t\t\t\t<\/div>\n\t\t\t\t<div class=\"elementor-element elementor-element-70886ae elementor-widget elementor-widget-text-editor\" data-id=\"70886ae\" data-element_type=\"widget\" data-e-type=\"widget\" data-widget_type=\"text-editor.default\">\n\t\t\t\t<div class=\"elementor-widget-container\">\n\t\t\t\t\t\t\t\t\t<div class=\"page_content_wrap\"><div class=\"content_wrap\"><div class=\"content\"><article id=\"post-1857\" class=\"post_item_single post_type_page post-1857 page type-page status-publish hentry\"><div class=\"post_content entry-content\"><div class=\"vc_row wpb_row vc_row-fluid\"><div class=\"wpb_column vc_column_container vc_col-sm-12 sc_layouts_column_icons_position_left\"><div class=\"vc_column-inner\"><div class=\"wpb_wrapper\"><div class=\"wpb_text_column wpb_content_element \"><div class=\"wpb_wrapper\"><p>Zgodnie z rozporz\u0105dzeniem Parlamentu Europejskiego i Rady (UE) 2016\/679 z dnia 27 kwietnia 2016r. w sprawie ochrony os\u00f3b fizycznych w zwi\u0105zku z przetwarzaniem danych osobowych i w sprawie swobodnego przep\u0142ywu takich danych oraz uchylenia dyrektywy 95\/46\/WE (Dz.Urz. UE L 119, s. 1) (dalej: RODO), w zwi\u0105zku z zawart\u0105 umow\u0105, szanuj\u0105c Pani\/Pana prywatno\u015b\u0107 oraz dbaj\u0105c o to, aby wiedzia\u0142\/a Pan\/Pani kto i w jaki spos\u00f3b przetwarza dane osobowe, informujemy:<\/p><p>Administrator danych Administratorem Pani\/Pana danych osobowych jest: Stowarzyszenie \u201eMiniAkro Akrobatyka dla Dzieci, Centrum Edukacji Prozdrowotnej\u201d (dalej: Stowarzyszenie \u201eMiniAkro\u201d ) z siedzib\u0105 biura w Warszawa (04-680), przy ul. Wi\u0105zana 22H<\/p><p>Z Administratorem mo\u017cna si\u0119 kontaktowa\u0107 pisz\u0105c na adres: Stowarzyszenie \u201eMiniAkro Akrobatyka dla Dzieci, Centrum Edukacji Prozdrowotnej\u201d biura w Warszawa (04-680), przy ul. Wi\u0105zana 22H; wysy\u0142aj\u0105c e-mail na skrzynk\u0119: akrobatyka@miniakro.pl lub telefonicznie pod numerem 505050860.<\/p><p>Inspektor Ochrony Danych (IOD) W sprawach dotycz\u0105cych danych osobowych prosimy kontaktowa\u0107 si\u0119 z Inspektorem Ochrony Danych wysy\u0142aj\u0105c e-mail na adres poczty elektronicznej: andrzej@miniakro.pl lub pismo na adres korespondencyjny administratora.<\/p><p>Cel i podstawa prawna przetwarzania Pani\/ Pana dane osobowe przetwarzamy w celu podj\u0119cia dzia\u0142a\u0144 przed zawarciem umowy cywilnoprawnej (zlecenia\/o \u015bwiadczenie us\u0142ug\/o dzie\u0142o*) oraz w celu i zakresie niezb\u0119dnym do jej prawid\u0142owej realizacji (na podst. art. 6 ust. 1 lit. b RODO). Dane przetwarzamy r\u00f3wnie\u017c w celu wykonywania obowi\u0105zk\u00f3w wynikaj\u0105cych z obowi\u0105zuj\u0105cych przepis\u00f3w dotycz\u0105cych ubezpiecze\u0144 spo\u0142ecznych, przepis\u00f3w podatkowych, rachunkowych, przepis\u00f3w kodeksu cywilnego (art. 6 ust. 1 lit. c RODO).<\/p><p>Je\u017celi w ramach wsp\u00f3\u0142pracy b\u0119dziemy przetwarza\u0107 wra\u017cliwe dane osobowe, takie jak Pani\/Pana dane dotycz\u0105ce zdrowia, to podstaw\u0105 ich przetwarzania b\u0119dzie art. 9 ust. 2 lit. b, tj. konieczno\u015b\u0107 przetwarzania dla wykonania obowi\u0105zk\u00f3w oraz praw wynikaj\u0105cych z aktualnych przepis\u00f3w prawa, np. w zakresie prawa pracy, takich jak dokumentacja zwolnie\u0144 lekarskich czy dokumentacja BHP. W zakresie dokumentacji dotycz\u0105cej os\u00f3b zatrudnionych w obszarze ochrony, dane przetwarzamy zgodnie z przepisami ustawy o ochronie os\u00f3b i mienia oraz na podstawie art. 6 ust. 1 lit. c oraz art. 9 ust. 2 lit. b i art.10 RODO.<\/p><p>W przypadku ewentualnych spor\u00f3w, dane osobowe mog\u0105 by\u0107 przetwarzane w celu dochodzenia roszcze\u0144 b\u0105d\u017a obrony przed takimi roszczeniami, na podstawie prawnie uzasadnionego interesu administratora (art. 6 ust. 1 lit. f RODO), jakim jest dochodzenie roszcze\u0144 i obrona praw Stowarzyszenia MiniAkro.<\/p><p>Pani\/Pana dane osobowe mog\u0105 by\u0107 r\u00f3wnie\u017c przetwarzane w celu wykonywania czynno\u015bci zwi\u0105zanych z ustaleniem zobowi\u0105za\u0144 oraz windykacj\u0105 nale\u017cno\u015bci od obecnych i by\u0142ych wsp\u00f3\u0142pracownik\u00f3w Stowarzyszenia MiniAkro. Podstaw\u0105 prawn\u0105 przetwarzania danych jest uzasadniony interes administratora (art. 6 ust. 1 lit. f RODO), polegaj\u0105cy na umo\u017cliwieniu ustalenia wielko\u015bci zobowi\u0105zania i odzyskiwaniu nale\u017cno\u015bci rzecz Stowarzyszenia MiniAkro .<\/p><p>Na podstawie wyra\u017conej przez Pani\u0105\/Pana zgody (zgodnie z art. 6 ust. 1 lit. a RODO) Stowarzyszenia MiniAkro mo\u017ce przetwarza\u0107 wizerunek (zdj\u0119cie) na stronie internetowej www.miniakro.pl W ka\u017cdej chwili mo\u017ce Pani\/Pan tak\u0105 zgod\u0119 wycofa\u0107 pisz\u0105c na adres akrobatyka@miniakro.pl<br \/>OBOWI\u0104ZEK INFORMACYJNY<br \/>strona 2 z 2<\/p><p>Odbiorcy danych Pani\/Pana dane osobowe mog\u0105 by\u0107 przekazywane zgodnie z obowi\u0105zuj\u0105cymi przepisami do Zak\u0142adu Ubezpiecze\u0144 Spo\u0142ecznych i w\u0142a\u015bciwych urz\u0119d\u00f3w skarbowych.<\/p><p>Pani\/Pana dane osobowe mog\u0105 by\u0107 przekazywane podmiotom \u015bwiadcz\u0105cym us\u0142ugi na rzecz Stowarzyszenia MiniAkro w zwi\u0105zku z udzia\u0142em Pani\/Pana w szkoleniach, konferencjach czy otrzymywan\u0105 korespondencj\u0105.<\/p><p>Pani\/Pana dane osobowe mog\u0105 by\u0107 udost\u0119pniane podmiotom \u015bwiadcz\u0105cym na rzecz Stowarzyszenia MiniAkro us\u0142ugi zwi\u0105zane z prowadzon\u0105 dzia\u0142alno\u015bci\u0105 np. doradcy zewn\u0119trzni, dostawcy sprz\u0119tu sportowego, przy czym podmioty takie, przetwarzaj\u0105 dane wy\u0142\u0105cznie na podstawie zawartych um\u00f3w i zgodnie z poleceniami administratora danych.<\/p><p>Okres, przez kt\u00f3ry dane b\u0119d\u0105 przechowywane Dane osobowe przetwarzane b\u0119d\u0105 do czasu ustania celu przetwarzania oraz do czasu up\u0142ywu obowi\u0105zk\u00f3w wynikaj\u0105cych z przepis\u00f3w prawa. Okres przetwarzania mo\u017ce zosta\u0107 ka\u017cdorazowo przed\u0142u\u017cony o okres przedawnienia roszcze\u0144, je\u017celi przetwarzanie Pani\/Pana danych osobowych b\u0119dzie niezb\u0119dne dla ustalenia lub dochodzenia ewentualnych roszcze\u0144 lub obrony przed takimi roszczeniami.<\/p><p>Uprawnienia Przys\u0142uguje Pani\/Panu prawo dost\u0119pu do tre\u015bci danych oraz \u017c\u0105dania ich sprostowania, usuni\u0119cia, ograniczenia przetwarzania, prawo do przenoszenia danych oraz prawo wniesienia sprzeciwu wzgl\u0119dem przetwarzania danych.<\/p><p>Przys\u0142uguje Pani\/Panu tak\u017ce prawo wniesienia skargi do Prezesa Urz\u0119du Ochrony Danych Osobowych, gdy uzna Pani\/Pan, \u017ce przetwarzanie Pani\/Pana danych osobowych narusza przepisy RODO.<\/p><p>Przys\u0142uguje Pani\/Panu prawo wniesienia sprzeciwu wzgl\u0119dem przetwarzania danych osobowych z przyczyn zwi\u0105zanych z Pani\/Pana szczeg\u00f3ln\u0105 sytuacj\u0105 w ka\u017cdym przypadku, gdy Pani\/Pana dane osobowe s\u0105 przetwarzane w oparciu o prawnie uzasadniony interes administratora.<\/p><p>Podanie danych jest warunkiem zawarcia umowy, nie jest Pani\/Pan zobowi\u0105zana\/y do ich podania, jednak\u017ce konsekwencj\u0105 niepodania danych, b\u0119dzie brak mo\u017cliwo\u015bci zawarcia umowy.<\/p><\/div><\/div><\/div><\/div><\/div><\/div><\/div><\/article><\/div><\/div><\/div>\t\t\t\t\t\t\t\t<\/div>\n\t\t\t\t<\/div>\n\t\t\t\t\t<\/div>\n\t\t<\/div>\n\t\t\t\t\t<\/div>\n\t\t<\/section>\n\t\t\t\t<\/div>\n\t\t","protected":false},"excerpt":{"rendered":"<p>INFORMACJA O PRZETWARZANIU DANYCH OSOBOWYCH WSP\u00d3\u0141PRACOWNIKA ZATRUDNIONEGO NA PODSTAWIE UMOWY CYWILNOPRAWNEJ LUB DEKLARACJI CZ\u0141ONKOWSKIEJ Zgodnie z rozporz\u0105dzeniem Parlamentu Europejskiego i Rady (UE) 2016\/679 z dnia 27 kwietnia 2016r. w sprawie ochrony os\u00f3b fizycznych w zwi\u0105zku z przetwarzaniem danych osobowych i w sprawie swobodnego przep\u0142ywu takich danych oraz uchylenia dyrektywy 95\/46\/WE (Dz.Urz. UE L 119, s. [&hellip;]<\/p>\n","protected":false},"author":1,"featured_media":0,"parent":0,"menu_order":9,"comment_status":"closed","ping_status":"closed","template":"","meta":{"footnotes":""},"class_list":["post-76993","page","type-page","status-publish","hentry"],"aioseo_notices":[],"_links":{"self":[{"href":"https:\/\/miniakro.pl\/index.php\/wp-json\/wp\/v2\/pages\/76993","targetHints":{"allow":["GET"]}}],"collection":[{"href":"https:\/\/miniakro.pl\/index.php\/wp-json\/wp\/v2\/pages"}],"about":[{"href":"https:\/\/miniakro.pl\/index.php\/wp-json\/wp\/v2\/types\/page"}],"author":[{"embeddable":true,"href":"https:\/\/miniakro.pl\/index.php\/wp-json\/wp\/v2\/users\/1"}],"replies":[{"embeddable":true,"href":"https:\/\/miniakro.pl\/index.php\/wp-json\/wp\/v2\/comments?post=76993"}],"version-history":[{"count":10,"href":"https:\/\/miniakro.pl\/index.php\/wp-json\/wp\/v2\/pages\/76993\/revisions"}],"predecessor-version":[{"id":77003,"href":"https:\/\/miniakro.pl\/index.php\/wp-json\/wp\/v2\/pages\/76993\/revisions\/77003"}],"wp:attachment":[{"href":"https:\/\/miniakro.pl\/index.php\/wp-json\/wp\/v2\/media?parent=76993"}],"curies":[{"name":"wp","href":"https:\/\/api.w.org\/{rel}","templated":true}]}}