{"id":77152,"date":"2024-03-23T18:15:08","date_gmt":"2024-03-23T17:15:08","guid":{"rendered":"http:\/\/serwer1716618.home.pl\/autoinstalator\/wordpress1\/?page_id=77152"},"modified":"2024-03-23T18:18:34","modified_gmt":"2024-03-23T17:18:34","slug":"szkolenie-sportowe-dzieci-mlodziezy","status":"publish","type":"page","link":"https:\/\/miniakro.pl\/index.php\/szkolenie-sportowe-dzieci-mlodziezy\/","title":{"rendered":"Szkolenie sportowe dzieci m\u0142odzie\u017cy"},"content":{"rendered":"\t\t<div data-elementor-type=\"wp-page\" data-elementor-id=\"77152\" class=\"elementor elementor-77152\">\n\t\t\t\t\t\t<section class=\"elementor-section elementor-top-section elementor-element elementor-element-523ba0fb elementor-section-content-middle elementor-section-boxed elementor-section-height-default elementor-section-height-default\" data-id=\"523ba0fb\" data-element_type=\"section\" data-e-type=\"section\">\n\t\t\t\t\t\t<div class=\"elementor-container elementor-column-gap-default\">\n\t\t\t\t\t<div class=\" elementor-column elementor-col-100 elementor-top-column elementor-element elementor-element-3f5e1d2d elementor-invisible\" data-fullscreen-column-settings=\"{&quot;fullscreen&quot;:&quot;&quot;}\" data-id=\"3f5e1d2d\" data-element_type=\"column\" data-e-type=\"column\" data-settings=\"{&quot;animation&quot;:&quot;fadeIn&quot;}\">\n\t\t\t<div class=\"elementor-widget-wrap elementor-element-populated\">\n\t\t\t\t\t\t<div class=\"elementor-element elementor-element-12e60d23 elementor-widget elementor-widget-litho-heading\" data-id=\"12e60d23\" data-element_type=\"widget\" data-e-type=\"widget\" data-widget_type=\"litho-heading.default\">\n\t\t\t\t<div class=\"elementor-widget-container\">\n\t\t\t\t\t<h5 class=\"litho-heading elementor-size-default\"><span class=\"litho-primary-title\">SZKOLENIE SPORTOWE DZIECI I M\u0141ODZIE\u017bY<\/span><\/h5>\t\t\t\t<\/div>\n\t\t\t\t<\/div>\n\t\t\t\t<div class=\"elementor-element elementor-element-5e535703 elementor-widget elementor-widget-litho-heading\" data-id=\"5e535703\" data-element_type=\"widget\" data-e-type=\"widget\" data-widget_type=\"litho-heading.default\">\n\t\t\t\t<div class=\"elementor-widget-container\">\n\t\t\t\t\t<h5 class=\"litho-heading elementor-size-default\"><span class=\"litho-primary-title\">Szkolenie sportowe dzieci i m\u0142odzie\u017cy prowadzone przez Stowarzyszenie \u201eMINIAKRO AKROBATYKA DLA DZIECI, CENTRUM EDUKACJI PROZDROWOTNEJ\u201d\n\nWSP\u00d3\u0141FINANSUJE m.st. Warszawa.<\/span><\/h5>\t\t\t\t<\/div>\n\t\t\t\t<\/div>\n\t\t\t\t<div class=\"elementor-element elementor-element-f5679c7 elementor-widget elementor-widget-image\" data-id=\"f5679c7\" data-element_type=\"widget\" data-e-type=\"widget\" data-widget_type=\"image.default\">\n\t\t\t\t<div class=\"elementor-widget-container\">\n\t\t\t\t\t\t\t\t\t\t\t\t\t\t\t<img fetchpriority=\"high\" decoding=\"async\" width=\"400\" height=\"265\" src=\"https:\/\/miniakro.pl\/wp-content\/uploads\/2024\/03\/Warszawa-znak-400x265-1.png\" class=\"attachment-full size-full wp-image-77157\" alt=\"\" srcset=\"https:\/\/miniakro.pl\/wp-content\/uploads\/2024\/03\/Warszawa-znak-400x265-1.png 400w, https:\/\/miniakro.pl\/wp-content\/uploads\/2024\/03\/Warszawa-znak-400x265-1-300x199.png 300w, https:\/\/miniakro.pl\/wp-content\/uploads\/2024\/03\/Warszawa-znak-400x265-1-200x133.png 200w\" sizes=\"(max-width: 400px) 100vw, 400px\" \/>\t\t\t\t\t\t\t\t\t\t\t\t\t\t\t<\/div>\n\t\t\t\t<\/div>\n\t\t\t\t\t<\/div>\n\t\t<\/div>\n\t\t\t\t\t<\/div>\n\t\t<\/section>\n\t\t\t\t<section class=\"elementor-section elementor-top-section elementor-element elementor-element-4ae97d1 elementor-section-boxed elementor-section-height-default elementor-section-height-default\" data-id=\"4ae97d1\" data-element_type=\"section\" data-e-type=\"section\">\n\t\t\t\t\t\t<div class=\"elementor-container elementor-column-gap-default\">\n\t\t\t\t\t<div class=\" elementor-column elementor-col-100 elementor-top-column elementor-element elementor-element-f11af7e\" data-fullscreen-column-settings=\"{&quot;fullscreen&quot;:&quot;&quot;}\" data-id=\"f11af7e\" data-element_type=\"column\" data-e-type=\"column\">\n\t\t\t<div class=\"elementor-widget-wrap elementor-element-populated\">\n\t\t\t\t\t\t<div class=\"elementor-element elementor-element-e710eea elementor-widget elementor-widget-gallery\" data-id=\"e710eea\" data-element_type=\"widget\" data-e-type=\"widget\" data-widget_type=\"gallery.default\">\n\t\t\t\t<div class=\"elementor-widget-container\">\n\t\t\t\t\t \t\t\t\t<\/div>\n\t\t\t\t<\/div>\n\t\t\t\t\t<\/div>\n\t\t<\/div>\n\t\t\t\t\t<\/div>\n\t\t<\/section>\n\t\t\t\t<\/div>\n\t\t","protected":false},"excerpt":{"rendered":"<p>SZKOLENIE SPORTOWE DZIECI I M\u0141ODZIE\u017bY Szkolenie sportowe dzieci i m\u0142odzie\u017cy prowadzone przez Stowarzyszenie \u201eMINIAKRO AKROBATYKA DLA DZIECI, CENTRUM EDUKACJI PROZDROWOTNEJ\u201d WSP\u00d3\u0141FINANSUJE m.st. Warszawa.<\/p>\n","protected":false},"author":1,"featured_media":0,"parent":0,"menu_order":9,"comment_status":"closed","ping_status":"closed","template":"","meta":{"footnotes":""},"class_list":["post-77152","page","type-page","status-publish","hentry"],"aioseo_notices":[],"_links":{"self":[{"href":"https:\/\/miniakro.pl\/index.php\/wp-json\/wp\/v2\/pages\/77152","targetHints":{"allow":["GET"]}}],"collection":[{"href":"https:\/\/miniakro.pl\/index.php\/wp-json\/wp\/v2\/pages"}],"about":[{"href":"https:\/\/miniakro.pl\/index.php\/wp-json\/wp\/v2\/types\/page"}],"author":[{"embeddable":true,"href":"https:\/\/miniakro.pl\/index.php\/wp-json\/wp\/v2\/users\/1"}],"replies":[{"embeddable":true,"href":"https:\/\/miniakro.pl\/index.php\/wp-json\/wp\/v2\/comments?post=77152"}],"version-history":[{"count":4,"href":"https:\/\/miniakro.pl\/index.php\/wp-json\/wp\/v2\/pages\/77152\/revisions"}],"predecessor-version":[{"id":77160,"href":"https:\/\/miniakro.pl\/index.php\/wp-json\/wp\/v2\/pages\/77152\/revisions\/77160"}],"wp:attachment":[{"href":"https:\/\/miniakro.pl\/index.php\/wp-json\/wp\/v2\/media?parent=77152"}],"curies":[{"name":"wp","href":"https:\/\/api.w.org\/{rel}","templated":true}]}}