{"id":77264,"date":"2024-03-24T17:26:24","date_gmt":"2024-03-24T16:26:24","guid":{"rendered":"http:\/\/serwer1716618.home.pl\/autoinstalator\/wordpress1\/?page_id=77264"},"modified":"2024-03-24T17:30:58","modified_gmt":"2024-03-24T16:30:58","slug":"wesprzyj-nasze-stowarzyszenie","status":"publish","type":"page","link":"https:\/\/miniakro.pl\/index.php\/wesprzyj-nasze-stowarzyszenie\/","title":{"rendered":"Wesprzyj nasze Stowarzyszenie"},"content":{"rendered":"\t\t<div data-elementor-type=\"wp-page\" data-elementor-id=\"77264\" class=\"elementor elementor-77264\">\n\t\t\t\t\t\t<section class=\"elementor-section elementor-top-section elementor-element elementor-element-523ba0fb elementor-section-content-middle elementor-section-boxed elementor-section-height-default elementor-section-height-default\" data-id=\"523ba0fb\" data-element_type=\"section\" data-e-type=\"section\">\n\t\t\t\t\t\t<div class=\"elementor-container elementor-column-gap-default\">\n\t\t\t\t\t<div class=\" elementor-column elementor-col-100 elementor-top-column elementor-element elementor-element-3f5e1d2d elementor-invisible\" data-fullscreen-column-settings=\"{&quot;fullscreen&quot;:&quot;&quot;}\" data-id=\"3f5e1d2d\" data-element_type=\"column\" data-e-type=\"column\" data-settings=\"{&quot;animation&quot;:&quot;fadeIn&quot;}\">\n\t\t\t<div class=\"elementor-widget-wrap elementor-element-populated\">\n\t\t\t\t\t\t<div class=\"elementor-element elementor-element-3bbe0d5c elementor-align-center elementor-widget elementor-widget-litho-button\" data-id=\"3bbe0d5c\" data-element_type=\"widget\" data-e-type=\"widget\" data-widget_type=\"litho-button.default\">\n\t\t\t\t<div class=\"elementor-widget-container\">\n\t\t\t\t\t\t\t\t\t<div class=\"elementor-button-wrapper litho-button-wrapper\">\n\t\t\t\t\t<a class=\"elementor-button-link elementor-button elementor-size-md \" href=\"https:\/\/fsmm.pl\/13582\/stowarzyszenie_miniakro_akrobatyka_dla_dzieci_centrum_edukacji_prozdrowotnej\" target=\"_blank\" role=\"button\">\n\t\t\t\t\t\t\t\t\t<span class=\"elementor-button-content-wrapper\">\n\t\t\t\t\t\t\t\t\t\t\t\t\t<span class=\"elementor-button-text\">WESPRZYJ NASZE STOWARZYSZENIE TU MO\u017bESZ WP\u0141ACI\u0106<\/span>\n\t\t\t\t\t\t\t<\/span>\n\t\t\t\t\t\t\t\t<\/a>\n\t\t\t\t<\/div>\n\t\t\t\t\t\t\t<\/div>\n\t\t\t\t<\/div>\n\t\t\t\t<div class=\"elementor-element elementor-element-71ad63c elementor-widget elementor-widget-litho-heading\" data-id=\"71ad63c\" data-element_type=\"widget\" data-e-type=\"widget\" data-widget_type=\"litho-heading.default\">\n\t\t\t\t<div class=\"elementor-widget-container\">\n\t\t\t\t\t<h5 class=\"litho-heading elementor-size-default\"><span class=\"litho-primary-title\">Wszystkie \u015brodki przeznaczymy dla Naszych Zawodnik\u00f3w, aby mogli rozwija\u0107 swoje pasje i spe\u0142nia\u0107 marzenia.<\/span><\/h5>\t\t\t\t<\/div>\n\t\t\t\t<\/div>\n\t\t\t\t<div class=\"elementor-element elementor-element-5e535703 elementor-widget elementor-widget-litho-heading\" data-id=\"5e535703\" data-element_type=\"widget\" data-e-type=\"widget\" data-widget_type=\"litho-heading.default\">\n\t\t\t\t<div class=\"elementor-widget-container\">\n\t\t\t\t\t<h5 class=\"litho-heading elementor-size-default\"><span class=\"litho-primary-title\">Jak mo\u017cesz wesprze\u0107 nasze stowarzyszenie?<\/span><\/h5>\t\t\t\t<\/div>\n\t\t\t\t<\/div>\n\t\t\t\t<div class=\"elementor-element elementor-element-12e60d23 elementor-widget elementor-widget-litho-heading\" data-id=\"12e60d23\" data-element_type=\"widget\" data-e-type=\"widget\" data-widget_type=\"litho-heading.default\">\n\t\t\t\t<div class=\"elementor-widget-container\">\n\t\t\t\t\t<h5 class=\"litho-heading elementor-size-default\"><span class=\"litho-primary-title\">Z pomoc\u0105 FUNDACJI M\u0141ODZI M\u0141ODYM mo\u017cesz pom\u00f3c nam w nast\u0119puj\u0105cy spos\u00f3b:<\/span><\/h5>\t\t\t\t<\/div>\n\t\t\t\t<\/div>\n\t\t\t\t<div class=\"elementor-element elementor-element-39c19b3 elementor-widget elementor-widget-litho-heading\" data-id=\"39c19b3\" data-element_type=\"widget\" data-e-type=\"widget\" data-widget_type=\"litho-heading.default\">\n\t\t\t\t<div class=\"elementor-widget-container\">\n\t\t\t\t\t<h5 class=\"litho-heading elementor-size-default\"><span class=\"litho-primary-title\">1. Przekaz podatek.<\/br>\n\n2. Przekaz darowizn\u0119 rzeczow\u0105:<\/br>\n\na) zakup przedmiotu<\/br>\n\nb) p\u0142atno\u015b\u0107 za przedmiot<\/br>\n\nc) op\u0142ata faktury vat przelewowej<\/br>\n\n3. Przeka\u017c darowizn\u0119 pieni\u0119\u017cn\u0105.<\/br><\/span><\/h5>\t\t\t\t<\/div>\n\t\t\t\t<\/div>\n\t\t\t\t\t<\/div>\n\t\t<\/div>\n\t\t\t\t\t<\/div>\n\t\t<\/section>\n\t\t\t\t<\/div>\n\t\t","protected":false},"excerpt":{"rendered":"<p>WESPRZYJ NASZE STOWARZYSZENIE TU MO\u017bESZ WP\u0141ACI\u0106 Wszystkie \u015brodki przeznaczymy dla Naszych Zawodnik\u00f3w, aby mogli rozwija\u0107 swoje pasje i spe\u0142nia\u0107 marzenia. Jak mo\u017cesz wesprze\u0107 nasze stowarzyszenie? Z pomoc\u0105 FUNDACJI M\u0141ODZI M\u0141ODYM mo\u017cesz pom\u00f3c nam w nast\u0119puj\u0105cy spos\u00f3b: 1. Przekaz podatek. 2. Przekaz darowizn\u0119 rzeczow\u0105: a) zakup przedmiotu b) p\u0142atno\u015b\u0107 za przedmiot c) op\u0142ata faktury vat przelewowej [&hellip;]<\/p>\n","protected":false},"author":1,"featured_media":0,"parent":0,"menu_order":9,"comment_status":"closed","ping_status":"closed","template":"","meta":{"footnotes":""},"class_list":["post-77264","page","type-page","status-publish","hentry"],"aioseo_notices":[],"_links":{"self":[{"href":"https:\/\/miniakro.pl\/index.php\/wp-json\/wp\/v2\/pages\/77264","targetHints":{"allow":["GET"]}}],"collection":[{"href":"https:\/\/miniakro.pl\/index.php\/wp-json\/wp\/v2\/pages"}],"about":[{"href":"https:\/\/miniakro.pl\/index.php\/wp-json\/wp\/v2\/types\/page"}],"author":[{"embeddable":true,"href":"https:\/\/miniakro.pl\/index.php\/wp-json\/wp\/v2\/users\/1"}],"replies":[{"embeddable":true,"href":"https:\/\/miniakro.pl\/index.php\/wp-json\/wp\/v2\/comments?post=77264"}],"version-history":[{"count":10,"href":"https:\/\/miniakro.pl\/index.php\/wp-json\/wp\/v2\/pages\/77264\/revisions"}],"predecessor-version":[{"id":77274,"href":"https:\/\/miniakro.pl\/index.php\/wp-json\/wp\/v2\/pages\/77264\/revisions\/77274"}],"wp:attachment":[{"href":"https:\/\/miniakro.pl\/index.php\/wp-json\/wp\/v2\/media?parent=77264"}],"curies":[{"name":"wp","href":"https:\/\/api.w.org\/{rel}","templated":true}]}}